{"id":33197,"date":"2022-03-18T11:30:03","date_gmt":"2022-03-18T10:30:03","guid":{"rendered":"https:\/\/litios.com\/versand-zahlung\/"},"modified":"2025-11-26T17:21:50","modified_gmt":"2025-11-26T16:21:50","slug":"versand-zahlung","status":"publish","type":"page","link":"https:\/\/litios.com\/ch\/versand-zahlung\/","title":{"rendered":"Versand &amp; Zahlung"},"content":{"rendered":"\t\t<div data-elementor-type=\"wp-page\" data-elementor-id=\"33197\" class=\"elementor elementor-33197 elementor-103\" data-elementor-post-type=\"page\">\n\t\t\t\t\t\t<section class=\"elementor-section elementor-top-section elementor-element elementor-element-65e0bb1 elementor-section-boxed elementor-section-height-default elementor-section-height-default\" data-id=\"65e0bb1\" data-element_type=\"section\" data-e-type=\"section\">\n\t\t\t\t\t\t<div class=\"elementor-container elementor-column-gap-default\">\n\t\t\t\t\t<div class=\"elementor-column elementor-col-100 elementor-top-column elementor-element elementor-element-200a539\" data-id=\"200a539\" data-element_type=\"column\" data-e-type=\"column\">\n\t\t\t<div class=\"elementor-widget-wrap elementor-element-populated\">\n\t\t\t\t\t\t<div class=\"elementor-element elementor-element-60b2084 elementor-widget elementor-widget-heading\" data-id=\"60b2084\" data-element_type=\"widget\" data-e-type=\"widget\" data-widget_type=\"heading.default\">\n\t\t\t\t<div class=\"elementor-widget-container\">\n\t\t\t\t\t<h1 class=\"elementor-heading-title elementor-size-default\">Versand &amp; Zahlung<\/h1>\t\t\t\t<\/div>\n\t\t\t\t<\/div>\n\t\t\t\t<div class=\"elementor-element elementor-element-03af28e elementor-widget elementor-widget-text-editor\" data-id=\"03af28e\" data-element_type=\"widget\" data-e-type=\"widget\" data-widget_type=\"text-editor.default\">\n\t\t\t\t<div class=\"elementor-widget-container\">\n\t\t\t\t\t\t\t\t\t<p><strong><span style=\"font-size: 20px;\">1. Versandkosten und Versandinformationen<\/span><\/strong><\/p><p>Ein Versand der Ware ist nur innerhalb der Schweiz m\u00f6glich.<\/p><p><strong>Versandkosten<\/strong><\/p><div><table><tbody><tr><td>Innerhalb der Schweiz:<\/td><td>CHF 4.00*<\/td><\/tr><\/tbody><\/table><\/div><p><span style=\"font-size: 14px; color: #888888;\">*Alle Preise verstehen sich inkl. MwSt.<\/span><\/p><p><strong>Wir liefern in folgende L\u00e4nder:<\/strong>\u00a0Schweiz (nur im <a href=\"https:\/\/litios.com\/ch\/shop\">schweizer Shop<\/a> m\u00f6glich!)<\/p><p><strong>Sollte der Versand in ein anderes Land erfolgen<\/strong>, dann nutze bitte unseren <a href=\"https:\/\/litios.com\/shop\">europ\u00e4ischen Shop<\/a>.\u00a0<\/p><p><strong><span style=\"font-size: 20px;\">2. Versandart und Lieferzeiten<\/span><\/strong><\/p><p><strong>Versandart<\/strong><br \/>In der Schweiz erfolgt die Lieferung bei Paketen und Briefsendungen nur innerhalb des Landes und i.d.R. mit der Schweizer Post.<\/p><p><strong>Informationen zu den Lieferzeiten:<\/strong><\/p><div><table><tbody><tr><td>Innerhalb der Schweiz:<\/td><td>3-5 Werktage*<\/td><\/tr><\/tbody><\/table><\/div><p><span style=\"font-size: 14px; color: #888888;\">*Information zur Berechnung des Liefertermins Vorkasse per Bank\u00fcberweisung: Die Frist f\u00fcr die Lieferung beginnt bei Zahlung per Vorkasse per Bank\u00fcberweisung am Tag nach Erteilung des Zahlungsauftrags an das \u00fcberweisende Kreditinstitut bzw. bei anderen Zahlungsarten am Tag nach Vertragsschluss zu laufen und endet mit dem Ablauf des letzten Tages der Frist. F\u00e4llt der letzte Tag der Frist auf einen Samstag, Sonntag oder einen am Lieferort staatlich anerkannten allgemeinen Feiertag, so tritt an die Stelle eines solchen Tages der n\u00e4chste Werktag.<\/span><\/p><p><strong><span style=\"font-size: 20px;\">3. Zahlungsinformationen<\/span><\/strong><\/p><p><strong><span style=\"font-style: inherit; color: var( --e-global-color-text );\">Zahlungsarten Schweiz:<\/span><\/strong><\/p><ul class=\"custom-list\"><li>Vorkasse per Bank\u00fcberweisung<\/li><li>Zahlung auf Rechnung<\/li><li>Kreditkarte via Stripe<\/li><li>PayPal<\/li><\/ul>\t\t\t\t\t\t\t\t<\/div>\n\t\t\t\t<\/div>\n\t\t\t\t\t<\/div>\n\t\t<\/div>\n\t\t\t\t\t<\/div>\n\t\t<\/section>\n\t\t\t\t<\/div>\n\t\t","protected":false},"excerpt":{"rendered":"<p>Versand &amp; Zahlung 1. Versandkosten und Versandinformationen Ein Versand der Ware ist nur innerhalb der Schweiz m\u00f6glich. Versandkosten Innerhalb der Schweiz: CHF 4.00* *Alle Preise verstehen sich inkl. MwSt. Wir liefern in folgende L\u00e4nder:\u00a0Schweiz (nur im schweizer Shop m\u00f6glich!) Sollte der Versand in ein anderes Land erfolgen, dann nutze bitte unseren europ\u00e4ischen Shop.\u00a0 2. Versandart [&hellip;]<\/p>\n","protected":false},"author":12,"featured_media":0,"parent":0,"menu_order":999,"comment_status":"closed","ping_status":"closed","template":"elementor_header_footer","meta":{"site-sidebar-layout":"no-sidebar","site-content-layout":"page-builder","ast-site-content-layout":"default","site-content-style":"default","site-sidebar-style":"default","ast-global-header-display":"","ast-banner-title-visibility":"","ast-main-header-display":"","ast-hfb-above-header-display":"","ast-hfb-below-header-display":"","ast-hfb-mobile-header-display":"","site-post-title":"disabled","ast-breadcrumbs-content":null,"ast-featured-img":"disabled","footer-sml-layout":"","ast-disable-related-posts":"","theme-transparent-header-meta":"default","adv-header-id-meta":"","stick-header-meta":"default","header-above-stick-meta":null,"header-main-stick-meta":"","header-below-stick-meta":"","astra-migrate-meta-layouts":"default","ast-page-background-enabled":"default","ast-page-background-meta":{"desktop":{"background-color":"","background-image":"","background-repeat":"repeat","background-position":"center center","background-size":"auto","background-attachment":"scroll","background-type":"","background-media":"","overlay-type":"","overlay-color":"","overlay-opacity":"","overlay-gradient":""},"tablet":{"background-color":"","background-image":"","background-repeat":"repeat","background-position":"center center","background-size":"auto","background-attachment":"scroll","background-type":"","background-media":"","overlay-type":"","overlay-color":"","overlay-opacity":"","overlay-gradient":""},"mobile":{"background-color":"","background-image":"","background-repeat":"repeat","background-position":"center center","background-size":"auto","background-attachment":"scroll","background-type":"","background-media":"","overlay-type":"","overlay-color":"","overlay-opacity":"","overlay-gradient":""}},"ast-content-background-meta":{"desktop":{"background-color":"var(--ast-global-color-5)","background-image":"","background-repeat":"repeat","background-position":"center center","background-size":"auto","background-attachment":"scroll","background-type":"","background-media":"","overlay-type":"","overlay-color":"","overlay-opacity":"","overlay-gradient":""},"tablet":{"background-color":"var(--ast-global-color-5)","background-image":"","background-repeat":"repeat","background-position":"center center","background-size":"auto","background-attachment":"scroll","background-type":"","background-media":"","overlay-type":"","overlay-color":"","overlay-opacity":"","overlay-gradient":""},"mobile":{"background-color":"var(--ast-global-color-5)","background-image":"","background-repeat":"repeat","background-position":"center center","background-size":"auto","background-attachment":"scroll","background-type":"","background-media":"","overlay-type":"","overlay-color":"","overlay-opacity":"","overlay-gradient":""}},"footnotes":""},"class_list":["post-33197","page","type-page","status-publish","hentry"],"_links":{"self":[{"href":"https:\/\/litios.com\/ch\/wp-json\/wp\/v2\/pages\/33197","targetHints":{"allow":["GET"]}}],"collection":[{"href":"https:\/\/litios.com\/ch\/wp-json\/wp\/v2\/pages"}],"about":[{"href":"https:\/\/litios.com\/ch\/wp-json\/wp\/v2\/types\/page"}],"author":[{"embeddable":true,"href":"https:\/\/litios.com\/ch\/wp-json\/wp\/v2\/users\/12"}],"replies":[{"embeddable":true,"href":"https:\/\/litios.com\/ch\/wp-json\/wp\/v2\/comments?post=33197"}],"version-history":[{"count":0,"href":"https:\/\/litios.com\/ch\/wp-json\/wp\/v2\/pages\/33197\/revisions"}],"wp:attachment":[{"href":"https:\/\/litios.com\/ch\/wp-json\/wp\/v2\/media?parent=33197"}],"curies":[{"name":"wp","href":"https:\/\/api.w.org\/{rel}","templated":true}]}}