{"id":36723,"date":"2023-08-14T12:26:43","date_gmt":"2023-08-14T10:26:43","guid":{"rendered":"https:\/\/litios.com\/shop\/geschenk-gutschein\/"},"modified":"2025-07-24T09:48:09","modified_gmt":"2025-07-24T07:48:09","slug":"geschenk-gutschein","status":"publish","type":"product","link":"https:\/\/litios.com\/ch\/produkt\/geschenk-gutschein\/","title":{"rendered":"Geschenk-Gutschein"},"content":{"rendered":"\t\t<div data-elementor-type=\"product-post\" data-elementor-id=\"36723\" class=\"elementor elementor-36723 elementor-16708\" data-elementor-post-type=\"product\">\n\t\t\t\t\t\t<section class=\"elementor-section elementor-top-section elementor-element elementor-element-029239f elementor-section-boxed elementor-section-height-default elementor-section-height-default\" data-id=\"029239f\" data-element_type=\"section\" data-e-type=\"section\">\n\t\t\t\t\t\t<div class=\"elementor-container elementor-column-gap-default\">\n\t\t\t\t\t<div class=\"elementor-column elementor-col-100 elementor-top-column elementor-element elementor-element-16e51ef\" data-id=\"16e51ef\" data-element_type=\"column\" data-e-type=\"column\">\n\t\t\t<div class=\"elementor-widget-wrap elementor-element-populated\">\n\t\t\t\t\t\t<div class=\"elementor-element elementor-element-25a436e elementor-widget__width-inherit elementor-widget-mobile__width-inherit elementor-widget elementor-widget-toggle\" data-id=\"25a436e\" data-element_type=\"widget\" data-e-type=\"widget\" data-widget_type=\"toggle.default\">\n\t\t\t\t<div class=\"elementor-widget-container\">\n\t\t\t\t\t\t\t<div class=\"elementor-toggle\">\n\t\t\t\t\t\t\t<div class=\"elementor-toggle-item\">\n\t\t\t\t\t<div id=\"elementor-tab-title-3941\" class=\"elementor-tab-title\" data-tab=\"1\" role=\"button\" aria-controls=\"elementor-tab-content-3941\" aria-expanded=\"false\">\n\t\t\t\t\t\t\t\t\t\t\t\t<span class=\"elementor-toggle-icon elementor-toggle-icon-left\" aria-hidden=\"true\">\n\t\t\t\t\t\t\t\t\t\t\t\t\t\t\t<span class=\"elementor-toggle-icon-closed\"><i class=\"fas fa-chevron-down\"><\/i><\/span>\n\t\t\t\t\t\t\t\t<span class=\"elementor-toggle-icon-opened\"><i class=\"elementor-toggle-icon-opened fas fa-chevron-up\"><\/i><\/span>\n\t\t\t\t\t\t\t\t\t\t\t\t\t<\/span>\n\t\t\t\t\t\t\t\t\t\t\t\t<a class=\"elementor-toggle-title\" tabindex=\"0\">Details zum Gutscheinkauf<\/a>\n\t\t\t\t\t<\/div>\n\n\t\t\t\t\t<div id=\"elementor-tab-content-3941\" class=\"elementor-tab-content elementor-clearfix\" data-tab=\"1\" role=\"region\" aria-labelledby=\"elementor-tab-title-3941\"><p><strong>\u00dcberrasche deine Liebsten mit einem Gutschein f\u00fcr einzigartig energetisierte Lichtkristalle oder Lichtdiamanten!<\/strong><br \/>Wer wei\u00df besser, was genau gew\u00fcnscht wird, als die beschenkte Person selbst? Deine Liebsten k\u00f6nnen diesen Gutschein genau dort einsetzen, wo er Sinn macht. So k\u00f6nnen sie sich ihre Herzensw\u00fcnsche erf\u00fcllen.<br \/>F\u00fcr Lichtprodukte mit Ewigkeitswert.<\/p><p><strong>So bestellst du den Geschenk-Gutschein:<\/strong><br \/>1. W\u00e4hle deinen Wunschwert in Euro (10,00 bis 500,00 \u20ac m\u00f6glich)<br \/>2. Trage die E-Mail des Empf\u00e4ngers bzw. der Empf\u00e4ngerin ein. Du kannst den Gutschein<br \/>a) an deine E-Mail oder<br \/>b) an eine andere E-Mail schicken<br \/>3. Lege am besten nur den Gutschein in den Warenkorb und gehe damit zur Kasse.<br \/>4. Sobald das Geld eingegangen ist, wird der Gutschein an die angegebene E-Mail verschickt.<\/p><p><strong>Einl\u00f6sen des Geschenk-Gutscheins:<\/strong><br \/>1. Gehe in unseren Online-Shop unter\u00a0<a title=\"Litios DE + EU\" href=\"https:\/\/litios.com\/shop\">www.litios.com\/shop<\/a>.<br \/>2. Lege deine Artikel in den Warenkorb.<br \/>3. Trage den Gutscheincode im Bestellvorgang unter &#8220;Gutschein einl\u00f6sen&#8221; ein.<br \/>4. Der Wert des Gutscheins wird automatisch vom Warenwert abgezogen.<\/p><p><strong>Beachte bitte folgendes:<\/strong><br \/>a) Der Gutschein wird nur auf Artikel angewandt.<br \/>b) Ist der Wert des Gutscheins h\u00f6her als der Warenwert, bleibt dir der Rest des Gutscheins f\u00fcr weitere Eink\u00e4ufe erhalten.<br \/>c) Ist der Wert des Gutscheins niedriger als der Warenwert, wird der noch zu bezahlende Betrag angezeigt.<\/p><p><strong>Gutscheinbedingungen:<\/strong><br \/>Der Gutschein kann nur f\u00fcr Litios-Produkte im Online-Shop unter www.litios.com eingel\u00f6st werden.<br \/>Der Gutschein ist ab Kaufdatum 3 Jahre g\u00fcltig.<br \/>Der Gutschein kann nicht gegen bar oder einen Gegenwert in Geld eingel\u00f6st werden.<\/p><p>Weitere Infos:\u00a0<a href=\"https:\/\/litios.com\/agb\">www.litios.com\/agb<\/a>\u00a0unter Punkt 8<\/p><p><strong>Wir sind f\u00fcr dich da!<br \/>Wende dich bei Fragen direkt an uns:<\/strong><br \/>E-Mail: contact@litios.com<br \/>oder Tel.: 0049 (0) 7556 \/ 92 90 80<\/p><\/div>\n\t\t\t\t<\/div>\n\t\t\t\t\t\t\t\t<\/div>\n\t\t\t\t\t\t<\/div>\n\t\t\t\t<\/div>\n\t\t\t\t\t<\/div>\n\t\t<\/div>\n\t\t\t\t\t<\/div>\n\t\t<\/section>\n\t\t\t\t<\/div>\n\t\t","protected":false},"excerpt":{"rendered":"<p><strong>Ein Geschenk des Himmels<\/strong><\/p>\n","protected":false},"featured_media":40655,"template":"","meta":{"site-sidebar-layout":"no-sidebar","site-content-layout":"page-builder","ast-site-content-layout":"default","site-content-style":"default","site-sidebar-style":"default","ast-global-header-display":"","ast-banner-title-visibility":"","ast-main-header-display":"","ast-hfb-above-header-display":"","ast-hfb-below-header-display":"","ast-hfb-mobile-header-display":"","site-post-title":"disabled","ast-breadcrumbs-content":"","ast-featured-img":"disabled","footer-sml-layout":"","ast-disable-related-posts":"","theme-transparent-header-meta":"default","adv-header-id-meta":"","stick-header-meta":"default","header-above-stick-meta":"","header-main-stick-meta":"","header-below-stick-meta":"","astra-migrate-meta-layouts":"set","ast-page-background-enabled":"default","ast-page-background-meta":{"desktop":{"background-color":"","background-image":"","background-repeat":"repeat","background-position":"center center","background-size":"auto","background-attachment":"scroll","background-type":"","background-media":"","overlay-type":"","overlay-color":"","overlay-opacity":"","overlay-gradient":""},"tablet":{"background-color":"","background-image":"","background-repeat":"repeat","background-position":"center center","background-size":"auto","background-attachment":"scroll","background-type":"","background-media":"","overlay-type":"","overlay-color":"","overlay-opacity":"","overlay-gradient":""},"mobile":{"background-color":"","background-image":"","background-repeat":"repeat","background-position":"center center","background-size":"auto","background-attachment":"scroll","background-type":"","background-media":"","overlay-type":"","overlay-color":"","overlay-opacity":"","overlay-gradient":""}},"ast-content-background-meta":{"desktop":{"background-color":"var(--ast-global-color-5)","background-image":"","background-repeat":"repeat","background-position":"center center","background-size":"auto","background-attachment":"scroll","background-type":"","background-media":"","overlay-type":"","overlay-color":"","overlay-opacity":"","overlay-gradient":""},"tablet":{"background-color":"var(--ast-global-color-5)","background-image":"","background-repeat":"repeat","background-position":"center center","background-size":"auto","background-attachment":"scroll","background-type":"","background-media":"","overlay-type":"","overlay-color":"","overlay-opacity":"","overlay-gradient":""},"mobile":{"background-color":"var(--ast-global-color-5)","background-image":"","background-repeat":"repeat","background-position":"center center","background-size":"auto","background-attachment":"scroll","background-type":"","background-media":"","overlay-type":"","overlay-color":"","overlay-opacity":"","overlay-gradient":""}}},"product_brand":[],"product_cat":[885,639],"product_tag":[],"class_list":{"0":"post-36723","1":"product","2":"type-product","3":"status-publish","4":"has-post-thumbnail","6":"product_cat-gutscheine","7":"product_cat-schweiz","8":"desktop-align-left","9":"tablet-align-left","10":"mobile-align-left","11":"ast-product-gallery-layout-horizontal-slider","12":"ast-product-gallery-with-no-image","13":"ast-magnify-disabled","14":"ast-product-single-variable","15":"ast-product-tabs-layout-horizontal","17":"first","18":"instock","19":"purchasable","20":"product-type-pw-gift-card"},"_links":{"self":[{"href":"https:\/\/litios.com\/ch\/wp-json\/wp\/v2\/product\/36723","targetHints":{"allow":["GET"]}}],"collection":[{"href":"https:\/\/litios.com\/ch\/wp-json\/wp\/v2\/product"}],"about":[{"href":"https:\/\/litios.com\/ch\/wp-json\/wp\/v2\/types\/product"}],"version-history":[{"count":0,"href":"https:\/\/litios.com\/ch\/wp-json\/wp\/v2\/product\/36723\/revisions"}],"wp:featuredmedia":[{"embeddable":true,"href":"https:\/\/litios.com\/ch\/wp-json\/wp\/v2\/media\/40655"}],"wp:attachment":[{"href":"https:\/\/litios.com\/ch\/wp-json\/wp\/v2\/media?parent=36723"}],"wp:term":[{"taxonomy":"product_brand","embeddable":true,"href":"https:\/\/litios.com\/ch\/wp-json\/wp\/v2\/product_brand?post=36723"},{"taxonomy":"product_cat","embeddable":true,"href":"https:\/\/litios.com\/ch\/wp-json\/wp\/v2\/product_cat?post=36723"},{"taxonomy":"product_tag","embeddable":true,"href":"https:\/\/litios.com\/ch\/wp-json\/wp\/v2\/product_tag?post=36723"}],"curies":[{"name":"wp","href":"https:\/\/api.w.org\/{rel}","templated":true}]}}