{"id":5877,"date":"2022-09-12T16:56:25","date_gmt":"2022-09-12T14:56:25","guid":{"rendered":"https:\/\/litios.com\/produkt\/avatar-diamant-rosa-gross\/"},"modified":"2025-09-22T13:42:21","modified_gmt":"2025-09-22T11:42:21","slug":"avatar-diamant-rosa-gross","status":"publish","type":"product","link":"https:\/\/litios.com\/ch\/produkt\/avatar-diamant-rosa-gross\/","title":{"rendered":"Avatar-Diamant rosa gro\u00df"},"content":{"rendered":"\t\t<div data-elementor-type=\"product-post\" data-elementor-id=\"5877\" class=\"elementor elementor-5877 elementor-5311\" data-elementor-post-type=\"product\">\n\t\t\t\t\t\t<section class=\"elementor-section elementor-top-section elementor-element elementor-element-249ea23 elementor-section-content-middle elementor-section-boxed elementor-section-height-default elementor-section-height-default\" data-id=\"249ea23\" data-element_type=\"section\" data-e-type=\"section\">\n\t\t\t\t\t\t<div class=\"elementor-container elementor-column-gap-default\">\n\t\t\t\t\t<div class=\"elementor-column elementor-col-100 elementor-top-column elementor-element elementor-element-be2b845\" data-id=\"be2b845\" data-element_type=\"column\" data-e-type=\"column\">\n\t\t\t<div class=\"elementor-widget-wrap elementor-element-populated\">\n\t\t\t\t\t\t<div class=\"elementor-element elementor-element-f3465ad elementor-widget elementor-widget-template\" data-id=\"f3465ad\" data-element_type=\"widget\" data-e-type=\"widget\" data-widget_type=\"template.default\">\n\t\t\t\t<div class=\"elementor-widget-container\">\n\t\t\t\t\t\t\t<div class=\"elementor-template\">\n\t\t\t\t\t<div data-elementor-type=\"section\" data-elementor-id=\"64233\" class=\"elementor elementor-64233\" data-elementor-post-type=\"elementor_library\">\n\t\t\t\t\t<section class=\"elementor-section elementor-top-section elementor-element elementor-element-7ffa2ddd elementor-section-content-middle elementor-section-boxed elementor-section-height-default elementor-section-height-default\" data-id=\"7ffa2ddd\" data-element_type=\"section\" data-e-type=\"section\">\n\t\t\t\t\t\t<div class=\"elementor-container elementor-column-gap-default\">\n\t\t\t\t\t<div class=\"elementor-column elementor-col-100 elementor-top-column elementor-element elementor-element-5b4f5e4d\" data-id=\"5b4f5e4d\" data-element_type=\"column\" data-e-type=\"column\">\n\t\t\t<div class=\"elementor-widget-wrap elementor-element-populated\">\n\t\t\t\t\t\t<div class=\"elementor-element elementor-element-617bdeb0 elementor-align-center elementor-widget__width-initial elementor-icon-list--layout-inline elementor-list-item-link-full_width elementor-widget elementor-widget-icon-list\" data-id=\"617bdeb0\" data-element_type=\"widget\" data-e-type=\"widget\" data-widget_type=\"icon-list.default\">\n\t\t\t\t<div class=\"elementor-widget-container\">\n\t\t\t\t\t\t\t<ul class=\"elementor-icon-list-items elementor-inline-items\">\n\t\t\t\t\t\t\t<li class=\"elementor-icon-list-item elementor-inline-item\">\n\t\t\t\t\t\t\t\t\t\t\t<a href=\"#anwendungen\">\n\n\t\t\t\t\t\t\t\t\t\t\t\t<span class=\"elementor-icon-list-icon\">\n\t\t\t\t\t\t\t<i aria-hidden=\"true\" class=\"fas fa-info-circle\"><\/i>\t\t\t\t\t\t<\/span>\n\t\t\t\t\t\t\t\t\t\t<span class=\"elementor-icon-list-text\">Anwendungsbereiche<\/span>\n\t\t\t\t\t\t\t\t\t\t\t<\/a>\n\t\t\t\t\t\t\t\t\t<\/li>\n\t\t\t\t\t\t\t\t<li class=\"elementor-icon-list-item elementor-inline-item\">\n\t\t\t\t\t\t\t\t\t\t\t<a href=\"#channeling\">\n\n\t\t\t\t\t\t\t\t\t\t\t\t<span class=\"elementor-icon-list-icon\">\n\t\t\t\t\t\t\t<i aria-hidden=\"true\" class=\"fas fa-info-circle\"><\/i>\t\t\t\t\t\t<\/span>\n\t\t\t\t\t\t\t\t\t\t<span class=\"elementor-icon-list-text\">Channeling<\/span>\n\t\t\t\t\t\t\t\t\t\t\t<\/a>\n\t\t\t\t\t\t\t\t\t<\/li>\n\t\t\t\t\t\t\t\t<li class=\"elementor-icon-list-item elementor-inline-item\">\n\t\t\t\t\t\t\t\t\t\t\t<a href=\"#material\">\n\n\t\t\t\t\t\t\t\t\t\t\t\t<span class=\"elementor-icon-list-icon\">\n\t\t\t\t\t\t\t<i aria-hidden=\"true\" class=\"fas fa-info-circle\"><\/i>\t\t\t\t\t\t<\/span>\n\t\t\t\t\t\t\t\t\t\t<span class=\"elementor-icon-list-text\">Material &amp; Ma\u00dfe<\/span>\n\t\t\t\t\t\t\t\t\t\t\t<\/a>\n\t\t\t\t\t\t\t\t\t<\/li>\n\t\t\t\t\t\t<\/ul>\n\t\t\t\t\t\t<\/div>\n\t\t\t\t<\/div>\n\t\t\t\t\t<\/div>\n\t\t<\/div>\n\t\t\t\t\t<\/div>\n\t\t<\/section>\n\t\t\t\t<\/div>\n\t\t\t\t<\/div>\n\t\t\t\t\t\t<\/div>\n\t\t\t\t<\/div>\n\t\t\t\t\t<\/div>\n\t\t<\/div>\n\t\t\t\t\t<\/div>\n\t\t<\/section>\n\t\t\t\t<section class=\"elementor-section elementor-top-section elementor-element elementor-element-5ea6fd7 elementor-section-content-middle elementor-section-boxed elementor-section-height-default elementor-section-height-default\" data-id=\"5ea6fd7\" data-element_type=\"section\" data-e-type=\"section\">\n\t\t\t\t\t\t<div class=\"elementor-container elementor-column-gap-default\">\n\t\t\t\t\t<div class=\"elementor-column elementor-col-100 elementor-top-column elementor-element elementor-element-edb696d\" data-id=\"edb696d\" data-element_type=\"column\" data-e-type=\"column\">\n\t\t\t<div class=\"elementor-widget-wrap elementor-element-populated\">\n\t\t\t\t\t\t<div class=\"elementor-element elementor-element-70cdb18 elementor-widget elementor-widget-heading\" data-id=\"70cdb18\" data-element_type=\"widget\" data-e-type=\"widget\" data-widget_type=\"heading.default\">\n\t\t\t\t<div class=\"elementor-widget-container\">\n\t\t\t\t\t<h2 class=\"elementor-heading-title elementor-size-default\">Potenzial des Avatar-Diamant rosa gro\u00df<\/h2>\t\t\t\t<\/div>\n\t\t\t\t<\/div>\n\t\t\t\t<div class=\"elementor-element elementor-element-cf8fd4a elementor-widget-divider--view-line elementor-widget elementor-widget-global elementor-global-15747 elementor-widget-divider\" data-id=\"cf8fd4a\" data-element_type=\"widget\" data-e-type=\"widget\" data-widget_type=\"divider.default\">\n\t\t\t\t<div class=\"elementor-widget-container\">\n\t\t\t\t\t\t\t<div class=\"elementor-divider\">\n\t\t\t<span class=\"elementor-divider-separator\">\n\t\t\t\t\t\t<\/span>\n\t\t<\/div>\n\t\t\t\t\t\t<\/div>\n\t\t\t\t<\/div>\n\t\t\t\t<div class=\"elementor-element elementor-element-d8ce52c elementor-widget__width-initial elementor-widget elementor-widget-image\" data-id=\"d8ce52c\" data-element_type=\"widget\" data-e-type=\"widget\" data-widget_type=\"image.default\">\n\t\t\t\t<div class=\"elementor-widget-container\">\n\t\t\t\t\t\t\t\t\t\t\t\t\t\t\t<img fetchpriority=\"high\" decoding=\"async\" width=\"700\" height=\"700\" src=\"https:\/\/litios.com\/wp-content\/uploads\/avatar-diamant-rosa-gross-06-e1738556409824.jpg\" class=\"attachment-large size-large wp-image-5282\" alt=\"\" title=\"\">\t\t\t\t\t\t\t\t\t\t\t\t\t\t\t<\/div>\n\t\t\t\t<\/div>\n\t\t\t\t<div class=\"elementor-element elementor-element-d5c62d8 elementor-widget__width-initial elementor-widget elementor-widget-text-editor\" data-id=\"d5c62d8\" data-element_type=\"widget\" data-e-type=\"widget\" data-widget_type=\"text-editor.default\">\n\t\t\t\t<div class=\"elementor-widget-container\">\n\t\t\t\t\t\t\t\t\t<ul class=\"custom-list\"><li>Eintreten in den Tempel von Mutter Maria und in ihre Urg\u00f6ttinnen-Lichtfrequenz<\/li><li>Die heilige, diamantene Flamme der bedingungslosen Liebe wird in dir entz\u00fcndet<\/li><li>Bedingungsloses Verzeihen auf allen Ebenen und zu allen Zeiten<\/li><li>Energie der Karma-Erl\u00f6sung und Gnadenfrequenz<\/li><li>Transzendenz des Ego-Bewusstseins<\/li><li>Vereinigung zwischen m\u00e4nnlichem und weiblichem Prinzip<\/li><li>Die kymische Hochzeit<\/li><li>Die Verbindung und Verschmelzung mit der geistigen Dualseele<\/li><li>\u00dcbertr\u00e4gt h\u00f6chste Licht-, Heil- und Gnadenfrequenzen bis auf die Zellebene<\/li><li>Dein Diamant-Lichtgef\u00e4hrt &#8220;Merkaba&#8221; aktiviert sich<\/li><li>Der Diamant-Lichtk\u00f6rper wird erstellt<\/li><li>Leichtigkeit umgibt und beschwingt dich<\/li><li>Das alte Wertesystem loslassen und ins Bewusstsein der allumfassenden, bedingungslosen Liebe &#8220;aufsteigen&#8221;<\/li><\/ul>\t\t\t\t\t\t\t\t<\/div>\n\t\t\t\t<\/div>\n\t\t\t\t<div class=\"elementor-element elementor-element-a4c92ca elementor-widget elementor-widget-text-editor\" data-id=\"a4c92ca\" data-element_type=\"widget\" data-e-type=\"widget\" data-widget_type=\"text-editor.default\">\n\t\t\t\t<div class=\"elementor-widget-container\">\n\t\t\t\t\t\t\t\t\t<p>Du trittst ein in den strahlenden Tempel von Mutter Maria und in ihre Urg\u00f6ttinnen-Lichtfrequenz. Die Energie der heiligen, diamantenen Flamme der bedingungslosen Liebe und Gnade entz\u00fcndet dich bis auf die Zellebene.<\/p><p>Du f\u00fchlst die g\u00f6ttliche Pr\u00e4senz der rosa-diamantenen Flamme. Die Herrlichkeit und die g\u00f6ttliche Pr\u00e4senz von Lichtmeisterin Maria umgeben dich, sind in dir. Die g\u00f6ttliche Harmonie \u00fcbertr\u00e4gt sich in dein Bewusstsein bis auf die Zellebene.<\/p><p><strong>Mit diamantener Energetisierung und Initiierung.<\/strong><\/p>\t\t\t\t\t\t\t\t<\/div>\n\t\t\t\t<\/div>\n\t\t\t\t<div class=\"elementor-element elementor-element-40f6ca9 elementor-widget elementor-widget-menu-anchor\" data-id=\"40f6ca9\" data-element_type=\"widget\" data-e-type=\"widget\" data-widget_type=\"menu-anchor.default\">\n\t\t\t\t<div class=\"elementor-widget-container\">\n\t\t\t\t\t\t\t<div class=\"elementor-menu-anchor\" id=\"anwendungen\"><\/div>\n\t\t\t\t\t\t<\/div>\n\t\t\t\t<\/div>\n\t\t\t\t<div class=\"elementor-element elementor-element-a83e027 elementor-widget elementor-widget-heading\" data-id=\"a83e027\" data-element_type=\"widget\" data-e-type=\"widget\" data-widget_type=\"heading.default\">\n\t\t\t\t<div class=\"elementor-widget-container\">\n\t\t\t\t\t<h2 class=\"elementor-heading-title elementor-size-default\">Anwendungsbereiche<\/h2>\t\t\t\t<\/div>\n\t\t\t\t<\/div>\n\t\t\t\t<div class=\"elementor-element elementor-element-289d8b8 elementor-widget-divider--view-line elementor-widget elementor-widget-global elementor-global-15747 elementor-widget-divider\" data-id=\"289d8b8\" data-element_type=\"widget\" data-e-type=\"widget\" data-widget_type=\"divider.default\">\n\t\t\t\t<div class=\"elementor-widget-container\">\n\t\t\t\t\t\t\t<div class=\"elementor-divider\">\n\t\t\t<span class=\"elementor-divider-separator\">\n\t\t\t\t\t\t<\/span>\n\t\t<\/div>\n\t\t\t\t\t\t<\/div>\n\t\t\t\t<\/div>\n\t\t\t\t<div class=\"elementor-element elementor-element-a74c884 elementor-widget__width-inherit elementor-widget-mobile__width-inherit elementor-widget elementor-widget-toggle\" data-id=\"a74c884\" data-element_type=\"widget\" data-e-type=\"widget\" data-widget_type=\"toggle.default\">\n\t\t\t\t<div class=\"elementor-widget-container\">\n\t\t\t\t\t\t\t<div class=\"elementor-toggle\">\n\t\t\t\t\t\t\t<div class=\"elementor-toggle-item\">\n\t\t\t\t\t<div id=\"elementor-tab-title-1751\" class=\"elementor-tab-title\" data-tab=\"1\" role=\"button\" aria-controls=\"elementor-tab-content-1751\" aria-expanded=\"false\">\n\t\t\t\t\t\t\t\t\t\t\t\t<span class=\"elementor-toggle-icon elementor-toggle-icon-left\" aria-hidden=\"true\">\n\t\t\t\t\t\t\t\t\t\t\t\t\t\t\t<span class=\"elementor-toggle-icon-closed\"><i class=\"fas fa-chevron-down\"><\/i><\/span>\n\t\t\t\t\t\t\t\t<span class=\"elementor-toggle-icon-opened\"><i class=\"elementor-toggle-icon-opened fas fa-chevron-up\"><\/i><\/span>\n\t\t\t\t\t\t\t\t\t\t\t\t\t<\/span>\n\t\t\t\t\t\t\t\t\t\t\t\t<a class=\"elementor-toggle-title\" tabindex=\"0\">Anwendungsbereiche des Avatar-Diamant rosa gro\u00df<\/a>\n\t\t\t\t\t<\/div>\n\n\t\t\t\t\t<div id=\"elementor-tab-content-1751\" class=\"elementor-tab-content elementor-clearfix\" data-tab=\"1\" role=\"region\" aria-labelledby=\"elementor-tab-title-1751\"><p>Bei der Meditation auf ein Chakra auflegen oder unter dir oder vor dir aufstellen. Beim Meditieren in die Hand nehmen und die Energie flie\u00dfen lassen. Den Diamanten bei dir tragen. Bitte um optimale Aktivierung.<\/p><\/div>\n\t\t\t\t<\/div>\n\t\t\t\t\t\t\t\t<\/div>\n\t\t\t\t\t\t<\/div>\n\t\t\t\t<\/div>\n\t\t\t\t<div class=\"elementor-element elementor-element-ac4fa04 elementor-widget elementor-widget-menu-anchor\" data-id=\"ac4fa04\" data-element_type=\"widget\" data-e-type=\"widget\" data-widget_type=\"menu-anchor.default\">\n\t\t\t\t<div class=\"elementor-widget-container\">\n\t\t\t\t\t\t\t<div class=\"elementor-menu-anchor\" id=\"channeling\"><\/div>\n\t\t\t\t\t\t<\/div>\n\t\t\t\t<\/div>\n\t\t\t\t<div class=\"elementor-element elementor-element-4144949 elementor-widget elementor-widget-heading\" data-id=\"4144949\" data-element_type=\"widget\" data-e-type=\"widget\" data-widget_type=\"heading.default\">\n\t\t\t\t<div class=\"elementor-widget-container\">\n\t\t\t\t\t<h2 class=\"elementor-heading-title elementor-size-default\">Channeling<\/h2>\t\t\t\t<\/div>\n\t\t\t\t<\/div>\n\t\t\t\t<div class=\"elementor-element elementor-element-f0dddc3 elementor-widget-divider--view-line elementor-widget elementor-widget-global elementor-global-15747 elementor-widget-divider\" data-id=\"f0dddc3\" data-element_type=\"widget\" data-e-type=\"widget\" data-widget_type=\"divider.default\">\n\t\t\t\t<div class=\"elementor-widget-container\">\n\t\t\t\t\t\t\t<div class=\"elementor-divider\">\n\t\t\t<span class=\"elementor-divider-separator\">\n\t\t\t\t\t\t<\/span>\n\t\t<\/div>\n\t\t\t\t\t\t<\/div>\n\t\t\t\t<\/div>\n\t\t\t\t\t<\/div>\n\t\t<\/div>\n\t\t\t\t\t<\/div>\n\t\t<\/section>\n\t\t\t\t<section class=\"elementor-section elementor-top-section elementor-element elementor-element-fb7ecc4 elementor-section-boxed elementor-section-height-default elementor-section-height-default\" data-id=\"fb7ecc4\" data-element_type=\"section\" data-e-type=\"section\">\n\t\t\t\t\t\t<div class=\"elementor-container elementor-column-gap-default\">\n\t\t\t\t\t<div class=\"elementor-column elementor-col-100 elementor-top-column elementor-element elementor-element-eac563c\" data-id=\"eac563c\" data-element_type=\"column\" data-e-type=\"column\" data-settings=\"{&quot;background_background&quot;:&quot;classic&quot;}\">\n\t\t\t<div class=\"elementor-widget-wrap elementor-element-populated\">\n\t\t\t\t\t\t<div class=\"elementor-element elementor-element-2e6c5c7 elementor-view-default elementor-widget elementor-widget-icon\" data-id=\"2e6c5c7\" data-element_type=\"widget\" data-e-type=\"widget\" data-widget_type=\"icon.default\">\n\t\t\t\t<div class=\"elementor-widget-container\">\n\t\t\t\t\t\t\t<div class=\"elementor-icon-wrapper\">\n\t\t\t<div class=\"elementor-icon\">\n\t\t\t<svg xmlns=\"http:\/\/www.w3.org\/2000\/svg\" xmlns:xlink=\"http:\/\/www.w3.org\/1999\/xlink\" width=\"500\" zoomAndPan=\"magnify\" viewBox=\"0 0 375 374.999991\" height=\"500\" preserveAspectRatio=\"xMidYMid meet\"><defs><clipPath id=\"98384a4379\"><path d=\"M 3 54 L 173 54 L 173 321.421875 L 3 321.421875 Z M 3 54 \" clip-rule=\"nonzero\"><\/path><\/clipPath><clipPath id=\"883f496d91\"><path d=\"M 205 54 L 375 54 L 375 321.421875 L 205 321.421875 Z M 205 54 \" clip-rule=\"nonzero\"><\/path><\/clipPath><\/defs><g clip-path=\"url(#98384a4379)\"><path fill=\"#d1b167\" d=\"M 172.933594 139.410156 C 172.933594 238.867188 99.40625 307.742188 3.769531 321.40625 C 56.421875 293.847656 89.625 256.960938 94.328125 223.816406 C 49.191406 227.46875 8.3125 192.207031 4.140625 147.386719 C 0 102.902344 32.433594 61.679688 76.765625 55.609375 C 90.820312 53.6875 105.433594 55.300781 118.667969 60.457031 C 125.390625 63.050781 131.683594 66.445312 137.539062 70.636719 C 142.65625 74.328125 149.542969 79.214844 152.839844 84.714844 C 165.839844 99.753906 172.933594 119.582031 172.933594 139.410156 Z M 172.933594 139.410156 \" fill-opacity=\"1\" fill-rule=\"nonzero\"><\/path><\/g><g clip-path=\"url(#883f496d91)\"><path fill=\"#d1b167\" d=\"M 375.003906 139.410156 C 375.003906 238.867188 301.488281 307.742188 205.839844 321.40625 C 258.492188 293.847656 291.695312 256.960938 296.398438 223.816406 C 251.257812 227.46875 210.382812 192.207031 206.210938 147.386719 C 202.074219 102.902344 234.503906 61.679688 278.835938 55.609375 C 292.890625 53.6875 307.503906 55.300781 320.738281 60.457031 C 327.460938 63.050781 333.753906 66.445312 339.609375 70.636719 C 344.726562 74.328125 351.609375 79.214844 354.910156 84.714844 C 367.910156 99.753906 375.003906 119.582031 375.003906 139.410156 Z M 375.003906 139.410156 \" fill-opacity=\"1\" fill-rule=\"nonzero\"><\/path><\/g><\/svg>\t\t\t<\/div>\n\t\t<\/div>\n\t\t\t\t\t\t<\/div>\n\t\t\t\t<\/div>\n\t\t\t\t<div class=\"elementor-element elementor-element-d4f6c22 elementor-widget elementor-widget-heading\" data-id=\"d4f6c22\" data-element_type=\"widget\" data-e-type=\"widget\" data-widget_type=\"heading.default\">\n\t\t\t\t<div class=\"elementor-widget-container\">\n\t\t\t\t\t<div class=\"elementor-heading-title elementor-size-default\">Ausschnitt aus dem Channeling von Lichtf\u00fcrst Metatron und Mutter Maria:<\/div>\t\t\t\t<\/div>\n\t\t\t\t<\/div>\n\t\t\t\t<div class=\"elementor-element elementor-element-c8c3d66 elementor-widget elementor-widget-text-editor\" data-id=\"c8c3d66\" data-element_type=\"widget\" data-e-type=\"widget\" data-widget_type=\"text-editor.default\">\n\t\t\t\t<div class=\"elementor-widget-container\">\n\t\t\t\t\t\t\t\t\t<p>Ein Diamant f\u00fchrt dich in die Grenzenlosigkeit, erl\u00f6st grenzenlos das Thema, das du \u00fcber Raum und Zeit und Dimension ansprichst. Er bringt die \u00fcbergeordnete Energie aus dem All-Eins-sein, aus der Allmacht und aus der All-Liebe Gottes, die zu dir str\u00f6mt und er erm\u00f6glicht dir so, ganz in die Egotranszendenz einzugehen und jegliches Thema \u2013 was es auch immer sei \u2013 in der \u00fcbergeordneten Ebene, in der Ebene der Meister und Erzengel, der aufgestiegenen Erleuchteten, der Seraphim und Cherubim Gottes zu erl\u00f6sen, zu transzendieren.<\/p><p>Dadurch erhebst du dich in die Freiheit des Heiligen Geistes und dies l\u00e4sst dich endg\u00fcltig frei sein. Und du siehst die Dinge aus dem Herzen, aus dem Auge Gottes. Du betrachtest die ganze Erde aus dem Herzen der Urg\u00f6ttin und dem Aspekt der Urg\u00f6ttin, Mutter Maria, die diese ewige Liebe zur gesamten Sch\u00f6pfung in sich tr\u00e4gt. Rein und ewig, unber\u00fchrt liebt sie die ganze Sch\u00f6pfung. Jegliches Gesch\u00f6pf und jegliche Wesenheit, die je diese Erde und die Sph\u00e4re dieser Erde betrat, ist geborgen im Herzen der Urg\u00f6ttin.<br \/><strong>Die Erde wurde in ihrer Liebe erschaffen und aus ihrem Herzen geboren.<\/strong><\/p><p>So legt Mutter Maria diesen rosafarbenen Diamanten, die heilige <strong>&#8220;Flamme der bedingungslosen Liebe&#8221;,<\/strong> der Hingabe und der Vergebung, auf den Altar deines Herzens und f\u00fchrt dich so in die Freiheit des Heiligen Geistes, in die Gl\u00fcckseligkeit und in die Transzendenz deiner Egostrukturen, die sich dann in die Ebene der Gl\u00fcckseligen aufschwingen, in die Frequenz der Meisterebene.<\/p>\t\t\t\t\t\t\t\t<\/div>\n\t\t\t\t<\/div>\n\t\t\t\t<div class=\"elementor-element elementor-element-998d510 elementor-widget elementor-widget-text-editor\" data-id=\"998d510\" data-element_type=\"widget\" data-e-type=\"widget\" data-widget_type=\"text-editor.default\">\n\t\t\t\t<div class=\"elementor-widget-container\">\n\t\t\t\t\t\t\t\t\t<p><strong>Gechannelt von Engelmedium <\/strong><a href=\"https:\/\/litios.com\/ueber-uns\/\" target=\"_blank\" rel=\"noopener\"><strong>Antje Kyria Deva<\/strong><br \/><\/a>\u00a9 Autorin: Antje Kyria Deva Eisele 01.01.2008<\/p>\t\t\t\t\t\t\t\t<\/div>\n\t\t\t\t<\/div>\n\t\t\t\t\t<\/div>\n\t\t<\/div>\n\t\t\t\t\t<\/div>\n\t\t<\/section>\n\t\t\t\t<section class=\"elementor-section elementor-top-section elementor-element elementor-element-96d22ee elementor-section-content-middle elementor-section-boxed elementor-section-height-default elementor-section-height-default\" data-id=\"96d22ee\" data-element_type=\"section\" data-e-type=\"section\">\n\t\t\t\t\t\t<div class=\"elementor-container elementor-column-gap-default\">\n\t\t\t\t\t<div class=\"elementor-column elementor-col-100 elementor-top-column elementor-element elementor-element-66c4cb1\" data-id=\"66c4cb1\" data-element_type=\"column\" data-e-type=\"column\">\n\t\t\t<div class=\"elementor-widget-wrap elementor-element-populated\">\n\t\t\t\t\t\t<div class=\"elementor-element elementor-element-f3d0e49 elementor-widget elementor-widget-menu-anchor\" data-id=\"f3d0e49\" data-element_type=\"widget\" data-e-type=\"widget\" data-widget_type=\"menu-anchor.default\">\n\t\t\t\t<div class=\"elementor-widget-container\">\n\t\t\t\t\t\t\t<div class=\"elementor-menu-anchor\" id=\"material\"><\/div>\n\t\t\t\t\t\t<\/div>\n\t\t\t\t<\/div>\n\t\t\t\t<div class=\"elementor-element elementor-element-2714813 elementor-widget elementor-widget-heading\" data-id=\"2714813\" data-element_type=\"widget\" data-e-type=\"widget\" data-widget_type=\"heading.default\">\n\t\t\t\t<div class=\"elementor-widget-container\">\n\t\t\t\t\t<h2 class=\"elementor-heading-title elementor-size-default\">Material und Ma\u00dfe des  Avatar-Diamant rosa gro\u00df<\/h2>\t\t\t\t<\/div>\n\t\t\t\t<\/div>\n\t\t\t\t<div class=\"elementor-element elementor-element-f826c05 elementor-widget-divider--view-line elementor-widget elementor-widget-global elementor-global-15747 elementor-widget-divider\" data-id=\"f826c05\" data-element_type=\"widget\" data-e-type=\"widget\" data-widget_type=\"divider.default\">\n\t\t\t\t<div class=\"elementor-widget-container\">\n\t\t\t\t\t\t\t<div class=\"elementor-divider\">\n\t\t\t<span class=\"elementor-divider-separator\">\n\t\t\t\t\t\t<\/span>\n\t\t<\/div>\n\t\t\t\t\t\t<\/div>\n\t\t\t\t<\/div>\n\t\t\t\t<div class=\"elementor-element elementor-element-7a04af4 elementor-widget__width-initial elementor-widget elementor-widget-image\" data-id=\"7a04af4\" data-element_type=\"widget\" data-e-type=\"widget\" data-widget_type=\"image.default\">\n\t\t\t\t<div class=\"elementor-widget-container\">\n\t\t\t\t\t\t\t\t\t\t\t\t\t\t\t<img decoding=\"async\" width=\"700\" height=\"700\" src=\"https:\/\/litios.com\/wp-content\/uploads\/avatar-diamant-rosa-gross-02-e1738556463410.jpg\" class=\"attachment-full size-full wp-image-5274\" alt=\"\" title=\"\">\t\t\t\t\t\t\t\t\t\t\t\t\t\t\t<\/div>\n\t\t\t\t<\/div>\n\t\t\t\t<div class=\"elementor-element elementor-element-f64e72e elementor-widget__width-initial elementor-widget elementor-widget-text-editor\" data-id=\"f64e72e\" data-element_type=\"widget\" data-e-type=\"widget\" data-widget_type=\"text-editor.default\">\n\t\t\t\t<div class=\"elementor-widget-container\">\n\t\t\t\t\t\t\t\t\t<p><strong>Material:<\/strong><br \/>Hochwertiger brillierender Zirkonia in der Farbe Rosa mit fein geschliffenen Facetten in Diamantform (Blumenschliff).<\/p><p><strong>Ma\u00dfe:<\/strong><br \/>Durchmesser: 50 mm \u2022 H\u00f6he: 30 mm<\/p><p><strong>Weitere Variante:<\/strong><br \/><a title=\"Avatar-Diamant rosa klein\" href=\"https:\/\/litios.com\/avatar-diamant-rosa-klein\/\">Avatar-Diamant rosa klein<\/a><\/p>\t\t\t\t\t\t\t\t<\/div>\n\t\t\t\t<\/div>\n\t\t\t\t\t<\/div>\n\t\t<\/div>\n\t\t\t\t\t<\/div>\n\t\t<\/section>\n\t\t\t\t<\/div>\n\t\t","protected":false},"excerpt":{"rendered":"<p><strong>Diamantene Flamme der bedingungslosen Liebe und des Verzeihens<\/strong><\/p>\n","protected":false},"featured_media":5272,"template":"","meta":{"site-sidebar-layout":"no-sidebar","site-content-layout":"page-builder","ast-site-content-layout":"full-width-container","site-content-style":"default","site-sidebar-style":"default","ast-global-header-display":"","ast-banner-title-visibility":"","ast-main-header-display":"","ast-hfb-above-header-display":"","ast-hfb-below-header-display":"","ast-hfb-mobile-header-display":"","site-post-title":"disabled","ast-breadcrumbs-content":"","ast-featured-img":"disabled","footer-sml-layout":"","ast-disable-related-posts":"","theme-transparent-header-meta":"default","adv-header-id-meta":"","stick-header-meta":"default","header-above-stick-meta":"","header-main-stick-meta":"","header-below-stick-meta":"","astra-migrate-meta-layouts":"set","ast-page-background-enabled":"default","ast-page-background-meta":{"desktop":{"background-color":"","background-image":"","background-repeat":"repeat","background-position":"center center","background-size":"auto","background-attachment":"scroll","background-type":"","background-media":"","overlay-type":"","overlay-color":"","overlay-opacity":"","overlay-gradient":""},"tablet":{"background-color":"","background-image":"","background-repeat":"repeat","background-position":"center center","background-size":"auto","background-attachment":"scroll","background-type":"","background-media":"","overlay-type":"","overlay-color":"","overlay-opacity":"","overlay-gradient":""},"mobile":{"background-color":"","background-image":"","background-repeat":"repeat","background-position":"center center","background-size":"auto","background-attachment":"scroll","background-type":"","background-media":"","overlay-type":"","overlay-color":"","overlay-opacity":"","overlay-gradient":""}},"ast-content-background-meta":{"desktop":{"background-color":"var(--ast-global-color-5)","background-image":"","background-repeat":"repeat","background-position":"center center","background-size":"auto","background-attachment":"scroll","background-type":"","background-media":"","overlay-type":"","overlay-color":"","overlay-opacity":"","overlay-gradient":""},"tablet":{"background-color":"var(--ast-global-color-5)","background-image":"","background-repeat":"repeat","background-position":"center center","background-size":"auto","background-attachment":"scroll","background-type":"","background-media":"","overlay-type":"","overlay-color":"","overlay-opacity":"","overlay-gradient":""},"mobile":{"background-color":"var(--ast-global-color-5)","background-image":"","background-repeat":"repeat","background-position":"center center","background-size":"auto","background-attachment":"scroll","background-type":"","background-media":"","overlay-type":"","overlay-color":"","overlay-opacity":"","overlay-gradient":""}}},"product_brand":[],"product_cat":[779,785,770,163,762,639],"product_tag":[],"class_list":{"0":"post-5877","1":"product","2":"type-product","3":"status-publish","4":"has-post-thumbnail","6":"product_cat-avatar-diamanten","7":"product_cat-erzengel-chamuel","8":"product_cat-herzchakra","9":"product_cat-lichtdiamanten","10":"product_cat-liebe-verzeihen","11":"product_cat-schweiz","12":"desktop-align-left","13":"tablet-align-left","14":"mobile-align-left","15":"ast-product-gallery-layout-horizontal-slider","16":"ast-magnify-disabled","17":"ast-product-tabs-layout-horizontal","19":"first","20":"instock","21":"taxable","22":"shipping-taxable","23":"purchasable","24":"product-type-simple"},"_links":{"self":[{"href":"https:\/\/litios.com\/ch\/wp-json\/wp\/v2\/product\/5877","targetHints":{"allow":["GET"]}}],"collection":[{"href":"https:\/\/litios.com\/ch\/wp-json\/wp\/v2\/product"}],"about":[{"href":"https:\/\/litios.com\/ch\/wp-json\/wp\/v2\/types\/product"}],"version-history":[{"count":0,"href":"https:\/\/litios.com\/ch\/wp-json\/wp\/v2\/product\/5877\/revisions"}],"wp:featuredmedia":[{"embeddable":true,"href":"https:\/\/litios.com\/ch\/wp-json\/wp\/v2\/media\/5272"}],"wp:attachment":[{"href":"https:\/\/litios.com\/ch\/wp-json\/wp\/v2\/media?parent=5877"}],"wp:term":[{"taxonomy":"product_brand","embeddable":true,"href":"https:\/\/litios.com\/ch\/wp-json\/wp\/v2\/product_brand?post=5877"},{"taxonomy":"product_cat","embeddable":true,"href":"https:\/\/litios.com\/ch\/wp-json\/wp\/v2\/product_cat?post=5877"},{"taxonomy":"product_tag","embeddable":true,"href":"https:\/\/litios.com\/ch\/wp-json\/wp\/v2\/product_tag?post=5877"}],"curies":[{"name":"wp","href":"https:\/\/api.w.org\/{rel}","templated":true}]}}