{"id":5881,"date":"2022-09-12T17:01:25","date_gmt":"2022-09-12T15:01:25","guid":{"rendered":"https:\/\/litios.com\/produkt\/avatar-diamant-kristallklar-gross\/"},"modified":"2025-09-22T13:42:35","modified_gmt":"2025-09-22T11:42:35","slug":"avatar-diamant-kristallklar-gross","status":"publish","type":"product","link":"https:\/\/litios.com\/ch\/produkt\/avatar-diamant-kristallklar-gross\/","title":{"rendered":"Avatar-Diamant kristallklar gro\u00df"},"content":{"rendered":"\t\t<div data-elementor-type=\"product-post\" data-elementor-id=\"5881\" class=\"elementor elementor-5881 elementor-5313\" data-elementor-post-type=\"product\">\n\t\t\t\t\t\t<section class=\"elementor-section elementor-top-section elementor-element elementor-element-7d0f688 elementor-section-content-middle elementor-section-boxed elementor-section-height-default elementor-section-height-default\" data-id=\"7d0f688\" data-element_type=\"section\" data-e-type=\"section\">\n\t\t\t\t\t\t<div class=\"elementor-container elementor-column-gap-default\">\n\t\t\t\t\t<div class=\"elementor-column elementor-col-100 elementor-top-column elementor-element elementor-element-08bdc9a\" data-id=\"08bdc9a\" data-element_type=\"column\" data-e-type=\"column\">\n\t\t\t<div class=\"elementor-widget-wrap elementor-element-populated\">\n\t\t\t\t\t\t<div class=\"elementor-element elementor-element-823cf5e elementor-widget elementor-widget-template\" data-id=\"823cf5e\" data-element_type=\"widget\" data-e-type=\"widget\" data-widget_type=\"template.default\">\n\t\t\t\t<div class=\"elementor-widget-container\">\n\t\t\t\t\t\t\t<div class=\"elementor-template\">\n\t\t\t\t\t<div data-elementor-type=\"section\" data-elementor-id=\"64233\" class=\"elementor elementor-64233\" data-elementor-post-type=\"elementor_library\">\n\t\t\t\t\t<section class=\"elementor-section elementor-top-section elementor-element elementor-element-7ffa2ddd elementor-section-content-middle elementor-section-boxed elementor-section-height-default elementor-section-height-default\" data-id=\"7ffa2ddd\" data-element_type=\"section\" data-e-type=\"section\">\n\t\t\t\t\t\t<div class=\"elementor-container elementor-column-gap-default\">\n\t\t\t\t\t<div class=\"elementor-column elementor-col-100 elementor-top-column elementor-element elementor-element-5b4f5e4d\" data-id=\"5b4f5e4d\" data-element_type=\"column\" data-e-type=\"column\">\n\t\t\t<div class=\"elementor-widget-wrap elementor-element-populated\">\n\t\t\t\t\t\t<div class=\"elementor-element elementor-element-617bdeb0 elementor-align-center elementor-widget__width-initial elementor-icon-list--layout-inline elementor-list-item-link-full_width elementor-widget elementor-widget-icon-list\" data-id=\"617bdeb0\" data-element_type=\"widget\" data-e-type=\"widget\" data-widget_type=\"icon-list.default\">\n\t\t\t\t<div class=\"elementor-widget-container\">\n\t\t\t\t\t\t\t<ul class=\"elementor-icon-list-items elementor-inline-items\">\n\t\t\t\t\t\t\t<li class=\"elementor-icon-list-item elementor-inline-item\">\n\t\t\t\t\t\t\t\t\t\t\t<a href=\"#anwendungen\">\n\n\t\t\t\t\t\t\t\t\t\t\t\t<span class=\"elementor-icon-list-icon\">\n\t\t\t\t\t\t\t<i aria-hidden=\"true\" class=\"fas fa-info-circle\"><\/i>\t\t\t\t\t\t<\/span>\n\t\t\t\t\t\t\t\t\t\t<span class=\"elementor-icon-list-text\">Anwendungsbereiche<\/span>\n\t\t\t\t\t\t\t\t\t\t\t<\/a>\n\t\t\t\t\t\t\t\t\t<\/li>\n\t\t\t\t\t\t\t\t<li class=\"elementor-icon-list-item elementor-inline-item\">\n\t\t\t\t\t\t\t\t\t\t\t<a href=\"#channeling\">\n\n\t\t\t\t\t\t\t\t\t\t\t\t<span class=\"elementor-icon-list-icon\">\n\t\t\t\t\t\t\t<i aria-hidden=\"true\" class=\"fas fa-info-circle\"><\/i>\t\t\t\t\t\t<\/span>\n\t\t\t\t\t\t\t\t\t\t<span class=\"elementor-icon-list-text\">Channeling<\/span>\n\t\t\t\t\t\t\t\t\t\t\t<\/a>\n\t\t\t\t\t\t\t\t\t<\/li>\n\t\t\t\t\t\t\t\t<li class=\"elementor-icon-list-item elementor-inline-item\">\n\t\t\t\t\t\t\t\t\t\t\t<a href=\"#material\">\n\n\t\t\t\t\t\t\t\t\t\t\t\t<span class=\"elementor-icon-list-icon\">\n\t\t\t\t\t\t\t<i aria-hidden=\"true\" class=\"fas fa-info-circle\"><\/i>\t\t\t\t\t\t<\/span>\n\t\t\t\t\t\t\t\t\t\t<span class=\"elementor-icon-list-text\">Material &amp; Ma\u00dfe<\/span>\n\t\t\t\t\t\t\t\t\t\t\t<\/a>\n\t\t\t\t\t\t\t\t\t<\/li>\n\t\t\t\t\t\t<\/ul>\n\t\t\t\t\t\t<\/div>\n\t\t\t\t<\/div>\n\t\t\t\t\t<\/div>\n\t\t<\/div>\n\t\t\t\t\t<\/div>\n\t\t<\/section>\n\t\t\t\t<\/div>\n\t\t\t\t<\/div>\n\t\t\t\t\t\t<\/div>\n\t\t\t\t<\/div>\n\t\t\t\t\t<\/div>\n\t\t<\/div>\n\t\t\t\t\t<\/div>\n\t\t<\/section>\n\t\t\t\t<section class=\"elementor-section elementor-top-section elementor-element elementor-element-48ac529 elementor-section-content-middle elementor-section-boxed elementor-section-height-default elementor-section-height-default\" data-id=\"48ac529\" data-element_type=\"section\" data-e-type=\"section\">\n\t\t\t\t\t\t<div class=\"elementor-container elementor-column-gap-default\">\n\t\t\t\t\t<div class=\"elementor-column elementor-col-100 elementor-top-column elementor-element elementor-element-b734ec9\" data-id=\"b734ec9\" data-element_type=\"column\" data-e-type=\"column\">\n\t\t\t<div class=\"elementor-widget-wrap elementor-element-populated\">\n\t\t\t\t\t\t<div class=\"elementor-element elementor-element-9e68aac elementor-widget elementor-widget-heading\" data-id=\"9e68aac\" data-element_type=\"widget\" data-e-type=\"widget\" data-widget_type=\"heading.default\">\n\t\t\t\t<div class=\"elementor-widget-container\">\n\t\t\t\t\t<h2 class=\"elementor-heading-title elementor-size-default\">Potenzial des Avatar-Diamant kristallklar gro\u00df<\/h2>\t\t\t\t<\/div>\n\t\t\t\t<\/div>\n\t\t\t\t<div class=\"elementor-element elementor-element-9f57a56 elementor-widget-divider--view-line elementor-widget elementor-widget-global elementor-global-15747 elementor-widget-divider\" data-id=\"9f57a56\" data-element_type=\"widget\" data-e-type=\"widget\" data-widget_type=\"divider.default\">\n\t\t\t\t<div class=\"elementor-widget-container\">\n\t\t\t\t\t\t\t<div class=\"elementor-divider\">\n\t\t\t<span class=\"elementor-divider-separator\">\n\t\t\t\t\t\t<\/span>\n\t\t<\/div>\n\t\t\t\t\t\t<\/div>\n\t\t\t\t<\/div>\n\t\t\t\t<div class=\"elementor-element elementor-element-6329e2c elementor-widget__width-initial elementor-widget elementor-widget-image\" data-id=\"6329e2c\" data-element_type=\"widget\" data-e-type=\"widget\" data-widget_type=\"image.default\">\n\t\t\t\t<div class=\"elementor-widget-container\">\n\t\t\t\t\t\t\t\t\t\t\t\t\t\t\t<img fetchpriority=\"high\" decoding=\"async\" width=\"700\" height=\"700\" src=\"https:\/\/litios.com\/wp-content\/uploads\/avatar-diamant-kristallklar-gross-02-e1738556385788.jpg\" class=\"attachment-large size-large wp-image-5288\" alt=\"\" title=\"\">\t\t\t\t\t\t\t\t\t\t\t\t\t\t\t<\/div>\n\t\t\t\t<\/div>\n\t\t\t\t<div class=\"elementor-element elementor-element-dfe1fc4 elementor-widget__width-initial elementor-widget elementor-widget-text-editor\" data-id=\"dfe1fc4\" data-element_type=\"widget\" data-e-type=\"widget\" data-widget_type=\"text-editor.default\">\n\t\t\t\t<div class=\"elementor-widget-container\">\n\t\t\t\t\t\t\t\t\t<ul class=\"custom-list\"><li>In Verbindung mit Lichtf\u00fcrst Metatron und Lord Maitreya<\/li><li>Die heilige, diamantene Flamme des All-Eins wird in dir entz\u00fcndet<\/li><li>Zur\u00fcck zur g\u00f6ttlichen Einheit, zur Vollendung und zum Omega<\/li><li>\u00dcbertr\u00e4gt h\u00f6chste Licht-, Heil- und Gnadenfrequenzen<\/li><li>\u00d6ffnet das Gnadentor in dir<\/li><li>Ein Diamant im Auge Gottes sein<\/li><li>Den Diamantweg gehen<\/li><li>Dein Diamant-Lichtgef\u00e4hrt &#8220;Merkaba&#8221; aktiviert sich<\/li><li>Der Diamant-Lichtk\u00f6rper wird erstellt<\/li><li>Die Pr\u00e4senz der Erleuchteten Gottes<\/li><li>Die Pr\u00e4senz der universellen Wei\u00dfen Bruderschaft<\/li><li>Das Christusbewusstsein der Erleuchteten<\/li><li>Transzendenz des Ego-Bewusstseins<\/li><li>Leichtigkeit umgibt und beschwingt dich<\/li><li>Unabh\u00e4ngigkeit, Losl\u00f6sung und Befreiung von allen Programmierungen, Bedingungen, Bindungen und Gitternetzen<\/li><li>Das alte Wertesystem loslassen und ins Bewusstsein der allumfassenden, bedingungslosen Liebe &#8220;aufsteigen&#8221;<\/li><\/ul>\t\t\t\t\t\t\t\t<\/div>\n\t\t\t\t<\/div>\n\t\t\t\t<div class=\"elementor-element elementor-element-04a9d27 elementor-widget elementor-widget-text-editor\" data-id=\"04a9d27\" data-element_type=\"widget\" data-e-type=\"widget\" data-widget_type=\"text-editor.default\">\n\t\t\t\t<div class=\"elementor-widget-container\">\n\t\t\t\t\t\t\t\t\t<p>Du trittst ein in die Energie der heiligen, diamantenen Flamme des All-Eins und wirst entz\u00fcndet zu h\u00f6chster Reinheit. Du f\u00fchlst die g\u00f6ttliche Pr\u00e4senz des All-Eins. Die Herrlichkeit und die g\u00f6ttliche Pr\u00e4senz umgeben dich, sind in dir. Du bist eins mit Allem-was-da-ist. Das Tor zur g\u00f6ttlichen Gnade, zur alles erl\u00f6senden Liebe \u00f6ffnet sich in dir.<\/p><p><strong>Mit diamantener Energetisierung und Initiierung.<\/strong><\/p>\t\t\t\t\t\t\t\t<\/div>\n\t\t\t\t<\/div>\n\t\t\t\t<div class=\"elementor-element elementor-element-043ba37 elementor-widget elementor-widget-menu-anchor\" data-id=\"043ba37\" data-element_type=\"widget\" data-e-type=\"widget\" data-widget_type=\"menu-anchor.default\">\n\t\t\t\t<div class=\"elementor-widget-container\">\n\t\t\t\t\t\t\t<div class=\"elementor-menu-anchor\" id=\"anwendungen\"><\/div>\n\t\t\t\t\t\t<\/div>\n\t\t\t\t<\/div>\n\t\t\t\t<div class=\"elementor-element elementor-element-eca5d66 elementor-widget elementor-widget-heading\" data-id=\"eca5d66\" data-element_type=\"widget\" data-e-type=\"widget\" data-widget_type=\"heading.default\">\n\t\t\t\t<div class=\"elementor-widget-container\">\n\t\t\t\t\t<h2 class=\"elementor-heading-title elementor-size-default\">Anwendungsbereiche<\/h2>\t\t\t\t<\/div>\n\t\t\t\t<\/div>\n\t\t\t\t<div class=\"elementor-element elementor-element-d75e267 elementor-widget-divider--view-line elementor-widget elementor-widget-global elementor-global-15747 elementor-widget-divider\" data-id=\"d75e267\" data-element_type=\"widget\" data-e-type=\"widget\" data-widget_type=\"divider.default\">\n\t\t\t\t<div class=\"elementor-widget-container\">\n\t\t\t\t\t\t\t<div class=\"elementor-divider\">\n\t\t\t<span class=\"elementor-divider-separator\">\n\t\t\t\t\t\t<\/span>\n\t\t<\/div>\n\t\t\t\t\t\t<\/div>\n\t\t\t\t<\/div>\n\t\t\t\t<div class=\"elementor-element elementor-element-4b301ce elementor-widget__width-inherit elementor-widget-mobile__width-inherit elementor-widget elementor-widget-toggle\" data-id=\"4b301ce\" data-element_type=\"widget\" data-e-type=\"widget\" data-widget_type=\"toggle.default\">\n\t\t\t\t<div class=\"elementor-widget-container\">\n\t\t\t\t\t\t\t<div class=\"elementor-toggle\">\n\t\t\t\t\t\t\t<div class=\"elementor-toggle-item\">\n\t\t\t\t\t<div id=\"elementor-tab-title-7881\" class=\"elementor-tab-title\" data-tab=\"1\" role=\"button\" aria-controls=\"elementor-tab-content-7881\" aria-expanded=\"false\">\n\t\t\t\t\t\t\t\t\t\t\t\t<span class=\"elementor-toggle-icon elementor-toggle-icon-left\" aria-hidden=\"true\">\n\t\t\t\t\t\t\t\t\t\t\t\t\t\t\t<span class=\"elementor-toggle-icon-closed\"><i class=\"fas fa-chevron-down\"><\/i><\/span>\n\t\t\t\t\t\t\t\t<span class=\"elementor-toggle-icon-opened\"><i class=\"elementor-toggle-icon-opened fas fa-chevron-up\"><\/i><\/span>\n\t\t\t\t\t\t\t\t\t\t\t\t\t<\/span>\n\t\t\t\t\t\t\t\t\t\t\t\t<a class=\"elementor-toggle-title\" tabindex=\"0\">Anwendungsbereiche des Avatar-Diamant kristallklar gro\u00df<\/a>\n\t\t\t\t\t<\/div>\n\n\t\t\t\t\t<div id=\"elementor-tab-content-7881\" class=\"elementor-tab-content elementor-clearfix\" data-tab=\"1\" role=\"region\" aria-labelledby=\"elementor-tab-title-7881\"><p>Bei der Meditation auf ein Chakra auflegen oder unter dir oder vor dir aufstellen. Beim Meditieren in die Hand nehmen und die Energie flie\u00dfen lassen. Den Diamanten bei dir tragen. Bitte um optimale Aktivierung.<\/p><\/div>\n\t\t\t\t<\/div>\n\t\t\t\t\t\t\t\t<\/div>\n\t\t\t\t\t\t<\/div>\n\t\t\t\t<\/div>\n\t\t\t\t<div class=\"elementor-element elementor-element-65854ff elementor-widget elementor-widget-menu-anchor\" data-id=\"65854ff\" data-element_type=\"widget\" data-e-type=\"widget\" data-widget_type=\"menu-anchor.default\">\n\t\t\t\t<div class=\"elementor-widget-container\">\n\t\t\t\t\t\t\t<div class=\"elementor-menu-anchor\" id=\"channeling\"><\/div>\n\t\t\t\t\t\t<\/div>\n\t\t\t\t<\/div>\n\t\t\t\t<div class=\"elementor-element elementor-element-f16bf3b elementor-widget elementor-widget-heading\" data-id=\"f16bf3b\" data-element_type=\"widget\" data-e-type=\"widget\" data-widget_type=\"heading.default\">\n\t\t\t\t<div class=\"elementor-widget-container\">\n\t\t\t\t\t<h2 class=\"elementor-heading-title elementor-size-default\">Channeling<\/h2>\t\t\t\t<\/div>\n\t\t\t\t<\/div>\n\t\t\t\t<div class=\"elementor-element elementor-element-16e8850 elementor-widget-divider--view-line elementor-widget elementor-widget-global elementor-global-15747 elementor-widget-divider\" data-id=\"16e8850\" data-element_type=\"widget\" data-e-type=\"widget\" data-widget_type=\"divider.default\">\n\t\t\t\t<div class=\"elementor-widget-container\">\n\t\t\t\t\t\t\t<div class=\"elementor-divider\">\n\t\t\t<span class=\"elementor-divider-separator\">\n\t\t\t\t\t\t<\/span>\n\t\t<\/div>\n\t\t\t\t\t\t<\/div>\n\t\t\t\t<\/div>\n\t\t\t\t\t<\/div>\n\t\t<\/div>\n\t\t\t\t\t<\/div>\n\t\t<\/section>\n\t\t\t\t<section class=\"elementor-section elementor-top-section elementor-element elementor-element-db02382 elementor-section-boxed elementor-section-height-default elementor-section-height-default\" data-id=\"db02382\" data-element_type=\"section\" data-e-type=\"section\">\n\t\t\t\t\t\t<div class=\"elementor-container elementor-column-gap-default\">\n\t\t\t\t\t<div class=\"elementor-column elementor-col-100 elementor-top-column elementor-element elementor-element-78de421\" data-id=\"78de421\" data-element_type=\"column\" data-e-type=\"column\" data-settings=\"{&quot;background_background&quot;:&quot;classic&quot;}\">\n\t\t\t<div class=\"elementor-widget-wrap elementor-element-populated\">\n\t\t\t\t\t\t<div class=\"elementor-element elementor-element-6df0c99 elementor-view-default elementor-widget elementor-widget-icon\" data-id=\"6df0c99\" data-element_type=\"widget\" data-e-type=\"widget\" data-widget_type=\"icon.default\">\n\t\t\t\t<div class=\"elementor-widget-container\">\n\t\t\t\t\t\t\t<div class=\"elementor-icon-wrapper\">\n\t\t\t<div class=\"elementor-icon\">\n\t\t\t<svg xmlns=\"http:\/\/www.w3.org\/2000\/svg\" xmlns:xlink=\"http:\/\/www.w3.org\/1999\/xlink\" width=\"500\" zoomAndPan=\"magnify\" viewBox=\"0 0 375 374.999991\" height=\"500\" preserveAspectRatio=\"xMidYMid meet\"><defs><clipPath id=\"98384a4379\"><path d=\"M 3 54 L 173 54 L 173 321.421875 L 3 321.421875 Z M 3 54 \" clip-rule=\"nonzero\"><\/path><\/clipPath><clipPath id=\"883f496d91\"><path d=\"M 205 54 L 375 54 L 375 321.421875 L 205 321.421875 Z M 205 54 \" clip-rule=\"nonzero\"><\/path><\/clipPath><\/defs><g clip-path=\"url(#98384a4379)\"><path fill=\"#d1b167\" d=\"M 172.933594 139.410156 C 172.933594 238.867188 99.40625 307.742188 3.769531 321.40625 C 56.421875 293.847656 89.625 256.960938 94.328125 223.816406 C 49.191406 227.46875 8.3125 192.207031 4.140625 147.386719 C 0 102.902344 32.433594 61.679688 76.765625 55.609375 C 90.820312 53.6875 105.433594 55.300781 118.667969 60.457031 C 125.390625 63.050781 131.683594 66.445312 137.539062 70.636719 C 142.65625 74.328125 149.542969 79.214844 152.839844 84.714844 C 165.839844 99.753906 172.933594 119.582031 172.933594 139.410156 Z M 172.933594 139.410156 \" fill-opacity=\"1\" fill-rule=\"nonzero\"><\/path><\/g><g clip-path=\"url(#883f496d91)\"><path fill=\"#d1b167\" d=\"M 375.003906 139.410156 C 375.003906 238.867188 301.488281 307.742188 205.839844 321.40625 C 258.492188 293.847656 291.695312 256.960938 296.398438 223.816406 C 251.257812 227.46875 210.382812 192.207031 206.210938 147.386719 C 202.074219 102.902344 234.503906 61.679688 278.835938 55.609375 C 292.890625 53.6875 307.503906 55.300781 320.738281 60.457031 C 327.460938 63.050781 333.753906 66.445312 339.609375 70.636719 C 344.726562 74.328125 351.609375 79.214844 354.910156 84.714844 C 367.910156 99.753906 375.003906 119.582031 375.003906 139.410156 Z M 375.003906 139.410156 \" fill-opacity=\"1\" fill-rule=\"nonzero\"><\/path><\/g><\/svg>\t\t\t<\/div>\n\t\t<\/div>\n\t\t\t\t\t\t<\/div>\n\t\t\t\t<\/div>\n\t\t\t\t<div class=\"elementor-element elementor-element-58ce1e9 elementor-widget elementor-widget-heading\" data-id=\"58ce1e9\" data-element_type=\"widget\" data-e-type=\"widget\" data-widget_type=\"heading.default\">\n\t\t\t\t<div class=\"elementor-widget-container\">\n\t\t\t\t\t<div class=\"elementor-heading-title elementor-size-default\">Ausschnitt aus dem Channeling von Lichtf\u00fcrst Metatron und Lord Maitreya:<\/div>\t\t\t\t<\/div>\n\t\t\t\t<\/div>\n\t\t\t\t<div class=\"elementor-element elementor-element-248a102 elementor-widget elementor-widget-text-editor\" data-id=\"248a102\" data-element_type=\"widget\" data-e-type=\"widget\" data-widget_type=\"text-editor.default\">\n\t\t\t\t<div class=\"elementor-widget-container\">\n\t\t\t\t\t\t\t\t\t<p>So entz\u00fcndet diese Flamme in euch alles. Was noch getrennt ist, heilt sie und alles, was noch in der Illusion ist, f\u00fchrt sie zur\u00fcck zur g\u00f6ttlichen Wahrheit.<br \/>Ich trage diese Flamme der Heiligkeit und des All-Eins und senke sie, senke eine Flamme daraus in euer Herz \u2013 eine Flamme aus diesem g\u00f6ttlichen Feuer.<\/p><p>Ihr k\u00f6nnt diese heilige diamantene Flamme in euch immer wieder entz\u00fcnden. Dann f\u00fchlt ihr das All-Eins, die All-Einheit, die All-Verbundenheit mit der ganzen Sch\u00f6pfung und mit allem, was G\u00f6ttlich ist, mit der ganzen Urspr\u00fcnglichkeit Gottes.<\/p><p>Erhebt euch \u00fcber alle Begrenzungen und Grenzen von Raum und Zeit durch das Eintreten in den inneren Raum Gottes. Dann lasst ihr Karma \u2013 Ursache und Wirkung \u2013 ihr lasst all dies hinter euch. Das Vergangene verblasst und verwandelt sich in Edelsteine der Ewigkeit.<\/p><p>Die Krone der Heiligkeit ber\u00fchrt euch, ja das Herz Gottes bittet euch, da ihr gefunden den ewigen Schatz, den Heiligen Gral, in euch. Geht hinaus, ber\u00fchrt eure Br\u00fcder und Schwestern und helft ihnen, den Herzenstempel zu \u00f6ffnen. Ich schenke euch einen solchen Diamanten aus meiner Krone ins Herz, damit ihr ihn weiterschenkt. So ist es, Geliebte.<\/p>\t\t\t\t\t\t\t\t<\/div>\n\t\t\t\t<\/div>\n\t\t\t\t<div class=\"elementor-element elementor-element-5d2b544 elementor-widget elementor-widget-text-editor\" data-id=\"5d2b544\" data-element_type=\"widget\" data-e-type=\"widget\" data-widget_type=\"text-editor.default\">\n\t\t\t\t<div class=\"elementor-widget-container\">\n\t\t\t\t\t\t\t\t\t<p><strong>Gechannelt von Engelmedium <\/strong><a href=\"https:\/\/litios.com\/ueber-uns\/\" target=\"_blank\" rel=\"noopener\"><strong>Antje Kyria Deva<\/strong><br \/><\/a>\u00a9 Autorin: Antje Kyria Deva Eisele 29.09.2007<\/p>\t\t\t\t\t\t\t\t<\/div>\n\t\t\t\t<\/div>\n\t\t\t\t\t<\/div>\n\t\t<\/div>\n\t\t\t\t\t<\/div>\n\t\t<\/section>\n\t\t\t\t<section class=\"elementor-section elementor-top-section elementor-element elementor-element-1138a2a elementor-section-content-middle elementor-section-boxed elementor-section-height-default elementor-section-height-default\" data-id=\"1138a2a\" data-element_type=\"section\" data-e-type=\"section\">\n\t\t\t\t\t\t<div class=\"elementor-container elementor-column-gap-default\">\n\t\t\t\t\t<div class=\"elementor-column elementor-col-100 elementor-top-column elementor-element elementor-element-32a13c7\" data-id=\"32a13c7\" data-element_type=\"column\" data-e-type=\"column\">\n\t\t\t<div class=\"elementor-widget-wrap elementor-element-populated\">\n\t\t\t\t\t\t<div class=\"elementor-element elementor-element-c414a0d elementor-widget elementor-widget-menu-anchor\" data-id=\"c414a0d\" data-element_type=\"widget\" data-e-type=\"widget\" data-widget_type=\"menu-anchor.default\">\n\t\t\t\t<div class=\"elementor-widget-container\">\n\t\t\t\t\t\t\t<div class=\"elementor-menu-anchor\" id=\"material\"><\/div>\n\t\t\t\t\t\t<\/div>\n\t\t\t\t<\/div>\n\t\t\t\t<div class=\"elementor-element elementor-element-253066f elementor-widget elementor-widget-heading\" data-id=\"253066f\" data-element_type=\"widget\" data-e-type=\"widget\" data-widget_type=\"heading.default\">\n\t\t\t\t<div class=\"elementor-widget-container\">\n\t\t\t\t\t<h2 class=\"elementor-heading-title elementor-size-default\">Material und Ma\u00dfe des Avatar-Diamant kristallklar gro\u00df<\/h2>\t\t\t\t<\/div>\n\t\t\t\t<\/div>\n\t\t\t\t<div class=\"elementor-element elementor-element-b5e5f6a elementor-widget-divider--view-line elementor-widget elementor-widget-global elementor-global-15747 elementor-widget-divider\" data-id=\"b5e5f6a\" data-element_type=\"widget\" data-e-type=\"widget\" data-widget_type=\"divider.default\">\n\t\t\t\t<div class=\"elementor-widget-container\">\n\t\t\t\t\t\t\t<div class=\"elementor-divider\">\n\t\t\t<span class=\"elementor-divider-separator\">\n\t\t\t\t\t\t<\/span>\n\t\t<\/div>\n\t\t\t\t\t\t<\/div>\n\t\t\t\t<\/div>\n\t\t\t\t<div class=\"elementor-element elementor-element-c0d4a8a elementor-widget__width-initial elementor-widget elementor-widget-image\" data-id=\"c0d4a8a\" data-element_type=\"widget\" data-e-type=\"widget\" data-widget_type=\"image.default\">\n\t\t\t\t<div class=\"elementor-widget-container\">\n\t\t\t\t\t\t\t\t\t\t\t\t\t\t\t<img decoding=\"async\" width=\"501\" height=\"501\" src=\"https:\/\/litios.com\/wp-content\/uploads\/avatar-diamant-kristallklar-gross-09-e1738556303912.jpg\" class=\"attachment-full size-full wp-image-5303\" alt=\"\" title=\"\">\t\t\t\t\t\t\t\t\t\t\t\t\t\t\t<\/div>\n\t\t\t\t<\/div>\n\t\t\t\t<div class=\"elementor-element elementor-element-f403f47 elementor-widget__width-initial elementor-widget elementor-widget-text-editor\" data-id=\"f403f47\" data-element_type=\"widget\" data-e-type=\"widget\" data-widget_type=\"text-editor.default\">\n\t\t\t\t<div class=\"elementor-widget-container\">\n\t\t\t\t\t\t\t\t\t<p><strong>Material:<\/strong><br \/>Hochwertiger brillierender Zirkonia in der Farbe Kristallklar mit fein geschliffenen Facetten in Diamantform (Blumenschliff).<\/p><p><strong>Ma\u00dfe:<\/strong><br \/>Durchmesser: 50 mm \u2022 H\u00f6he: 30 mm<\/p><p><strong>Weitere Variante:<\/strong><br \/><a title=\"Avatar-Diamant kristallklar klein\" href=\"https:\/\/litios.com\/avatar-diamant-kristallklar-klein\/\">Avatar-Diamant kristallklar klein<\/a><\/p>\t\t\t\t\t\t\t\t<\/div>\n\t\t\t\t<\/div>\n\t\t\t\t\t<\/div>\n\t\t<\/div>\n\t\t\t\t\t<\/div>\n\t\t<\/section>\n\t\t\t\t<\/div>\n\t\t","protected":false},"excerpt":{"rendered":"<p><strong>Diamantene Flamme des All-Eins<\/strong><\/p>\n","protected":false},"featured_media":5286,"template":"","meta":{"site-sidebar-layout":"no-sidebar","site-content-layout":"page-builder","ast-site-content-layout":"full-width-container","site-content-style":"default","site-sidebar-style":"default","ast-global-header-display":"","ast-banner-title-visibility":"","ast-main-header-display":"","ast-hfb-above-header-display":"","ast-hfb-below-header-display":"","ast-hfb-mobile-header-display":"","site-post-title":"disabled","ast-breadcrumbs-content":"","ast-featured-img":"disabled","footer-sml-layout":"","ast-disable-related-posts":"","theme-transparent-header-meta":"default","adv-header-id-meta":"","stick-header-meta":"default","header-above-stick-meta":"","header-main-stick-meta":"","header-below-stick-meta":"","astra-migrate-meta-layouts":"set","ast-page-background-enabled":"default","ast-page-background-meta":{"desktop":{"background-color":"","background-image":"","background-repeat":"repeat","background-position":"center center","background-size":"auto","background-attachment":"scroll","background-type":"","background-media":"","overlay-type":"","overlay-color":"","overlay-opacity":"","overlay-gradient":""},"tablet":{"background-color":"","background-image":"","background-repeat":"repeat","background-position":"center center","background-size":"auto","background-attachment":"scroll","background-type":"","background-media":"","overlay-type":"","overlay-color":"","overlay-opacity":"","overlay-gradient":""},"mobile":{"background-color":"","background-image":"","background-repeat":"repeat","background-position":"center center","background-size":"auto","background-attachment":"scroll","background-type":"","background-media":"","overlay-type":"","overlay-color":"","overlay-opacity":"","overlay-gradient":""}},"ast-content-background-meta":{"desktop":{"background-color":"var(--ast-global-color-5)","background-image":"","background-repeat":"repeat","background-position":"center center","background-size":"auto","background-attachment":"scroll","background-type":"","background-media":"","overlay-type":"","overlay-color":"","overlay-opacity":"","overlay-gradient":""},"tablet":{"background-color":"var(--ast-global-color-5)","background-image":"","background-repeat":"repeat","background-position":"center center","background-size":"auto","background-attachment":"scroll","background-type":"","background-media":"","overlay-type":"","overlay-color":"","overlay-opacity":"","overlay-gradient":""},"mobile":{"background-color":"var(--ast-global-color-5)","background-image":"","background-repeat":"repeat","background-position":"center center","background-size":"auto","background-attachment":"scroll","background-type":"","background-media":"","overlay-type":"","overlay-color":"","overlay-opacity":"","overlay-gradient":""}}},"product_brand":[],"product_cat":[779,784,163,639],"product_tag":[],"class_list":{"0":"post-5881","1":"product","2":"type-product","3":"status-publish","4":"has-post-thumbnail","6":"product_cat-avatar-diamanten","7":"product_cat-erleuchtung-der-pranaroehre","8":"product_cat-lichtdiamanten","9":"product_cat-schweiz","10":"desktop-align-left","11":"tablet-align-left","12":"mobile-align-left","13":"ast-product-gallery-layout-horizontal-slider","14":"ast-magnify-disabled","15":"ast-product-tabs-layout-horizontal","17":"first","18":"instock","19":"taxable","20":"shipping-taxable","21":"purchasable","22":"product-type-simple"},"_links":{"self":[{"href":"https:\/\/litios.com\/ch\/wp-json\/wp\/v2\/product\/5881","targetHints":{"allow":["GET"]}}],"collection":[{"href":"https:\/\/litios.com\/ch\/wp-json\/wp\/v2\/product"}],"about":[{"href":"https:\/\/litios.com\/ch\/wp-json\/wp\/v2\/types\/product"}],"version-history":[{"count":0,"href":"https:\/\/litios.com\/ch\/wp-json\/wp\/v2\/product\/5881\/revisions"}],"wp:featuredmedia":[{"embeddable":true,"href":"https:\/\/litios.com\/ch\/wp-json\/wp\/v2\/media\/5286"}],"wp:attachment":[{"href":"https:\/\/litios.com\/ch\/wp-json\/wp\/v2\/media?parent=5881"}],"wp:term":[{"taxonomy":"product_brand","embeddable":true,"href":"https:\/\/litios.com\/ch\/wp-json\/wp\/v2\/product_brand?post=5881"},{"taxonomy":"product_cat","embeddable":true,"href":"https:\/\/litios.com\/ch\/wp-json\/wp\/v2\/product_cat?post=5881"},{"taxonomy":"product_tag","embeddable":true,"href":"https:\/\/litios.com\/ch\/wp-json\/wp\/v2\/product_tag?post=5881"}],"curies":[{"name":"wp","href":"https:\/\/api.w.org\/{rel}","templated":true}]}}